{"id":381,"date":"2026-03-23T14:22:14","date_gmt":"2026-03-23T11:22:14","guid":{"rendered":"https:\/\/altnames.ru\/?page_id=381"},"modified":"2026-04-02T17:41:21","modified_gmt":"2026-04-02T14:41:21","slug":"tarify","status":"publish","type":"page","link":"https:\/\/altnames.ru\/de\/registrator\/tarify\/","title":{"rendered":"Preise"},"content":{"rendered":"<h1 class=\"translation-block\">Transparente Preisgestaltung f\u00fcr <span><span>-Domains<\/span><\/span><\/h1>\n<p>\t\t\t\t\t\t\t\t\t\t<a role=\"button\"><br \/>\n\t\t\t\t\t\t\t\t\tAnfrage senden<br \/>\n\t\t\t\t\t<\/a><br \/>\n\t\t\t\t\t\t\t\t\t\t\t\t\t\t<a href=\"\/de\/whois\/\"><br \/>\n\t\t\t\t\t\t\t\t\tDomain-\u00dcberpr\u00fcfung<br \/>\n\t\t\t\t\t<\/a><\/p>\n<ul>\n<li>\n\t\t\t\t\t\t\t\t\t\t\t<a href=\"#\"><br \/>\n\t\t\t\t\t\t\t\t\t\t\tStartseite<br \/>\n\t\t\t\t\t\t\t\t\t\t\t<\/a>\n\t\t\t\t\t\t\t\t\t<\/li>\n<li>\n\t\t\t\t\t\t\t<svg aria-hidden=\"true\" viewbox=\"0 0 256 512\" xmlns=\"http:\/\/www.w3.org\/2000\/svg\"><path d=\"M224.3 273l-136 136c-9.4 9.4-24.6 9.4-33.9 0l-22.6-22.6c-9.4-9.4-9.4-24.6 0-33.9l96.4-96.4-96.4-96.4c-9.4-9.4-9.4-24.6 0-33.9L54.3 103c9.4-9.4 24.6-9.4 33.9 0l136 136c9.5 9.4 9.5 24.6.1 34z\"><\/path><\/svg>\n\t\t\t\t\t\t\t\t\t<\/li>\n<li>\n\t\t\t\t\t\t\t\t\t\t\t<a href=\"\/de\/registrator\/\"><br \/>\n\t\t\t\t\t\t\t\t\t\t\tAnmeldung<br \/>\n\t\t\t\t\t\t\t\t\t\t\t<\/a>\n\t\t\t\t\t\t\t\t\t<\/li>\n<li>\n\t\t\t\t\t\t\t<svg aria-hidden=\"true\" viewbox=\"0 0 256 512\" xmlns=\"http:\/\/www.w3.org\/2000\/svg\"><path d=\"M224.3 273l-136 136c-9.4 9.4-24.6 9.4-33.9 0l-22.6-22.6c-9.4-9.4-9.4-24.6 0-33.9l96.4-96.4-96.4-96.4c-9.4-9.4-9.4-24.6 0-33.9L54.3 103c9.4-9.4 24.6-9.4 33.9 0l136 136c9.5 9.4 9.5 24.6.1 34z\"><\/path><\/svg>\n\t\t\t\t\t\t\t\t\t<\/li>\n<li>\n\t\t\t\t\t\t\t\t\t\t\t<a href=\"\/de\/registrator\/tarify\/\"><br \/>\n\t\t\t\t\t\t\t\t\t\t\tPreise<br \/>\n\t\t\t\t\t\t\t\t\t\t\t<\/a>\n\t\t\t\t\t\t\t\t\t<\/li>\n<\/ul>\n<p>Alle Preise f\u00fcr die Registrierung und Verl\u00e4ngerung von Domains in den Zonen .RU und .\u0420\u0424 sind festgesetzt und enthalten die Mehrwertsteuer. Bei der Anmeldung fallen keine versteckten Kosten an.<\/p>\n<p>\t\t\t\t\t\t\t\t\t\t\t\t\t<img fetchpriority=\"high\" decoding=\"async\" width=\"1600\" height=\"633\" src=\"https:\/\/altnames.ru\/wp-content\/uploads\/2026\/03\/hyb14.jpg\" alt=\"\u0422\u0430\u0440\u0438\u0444\u044b\" srcset=\"https:\/\/altnames.ru\/wp-content\/uploads\/2026\/03\/hyb14.jpg 1600w, https:\/\/altnames.ru\/wp-content\/uploads\/2026\/03\/hyb14-300x119.jpg 300w, https:\/\/altnames.ru\/wp-content\/uploads\/2026\/03\/hyb14-1024x405.jpg 1024w, https:\/\/altnames.ru\/wp-content\/uploads\/2026\/03\/hyb14-768x304.jpg 768w, https:\/\/altnames.ru\/wp-content\/uploads\/2026\/03\/hyb14-1536x608.jpg 1536w\" sizes=\"(max-width: 1600px) 100vw, 1600px\" \/>\t\t\t\t\t\t\t\t\t\t\t\t\t\t\t<\/p>\n<h2\t\t\t\t\tclass=\"elementskit-pricing-title\">Eine Domain in der Zone .RU\t\t\t\t\t<\/h2>\n<p>Ideal f\u00fcr Privatpersonen und kleine Unternehmen mit einem \u00fcberschaubaren Domain-Portfolio.<\/p>\n<p>\t\t\t\t\t\t\t\t\t\t\t<sup>\u20bd<\/sup><br \/>\n\t\t\t\t\t\t\t\t\t\t1 500<br \/>\n\t\t\t\t\t\t\t\t\t\t<sub>\/Jahr<\/sub><\/p>\n<ul>\n<li>\n\t\t\t\t\t\t\t\t<svg aria-hidden=\"true\" viewbox=\"0 0 448 512\" xmlns=\"http:\/\/www.w3.org\/2000\/svg\"><path d=\"M400 480H48c-26.51 0-48-21.49-48-48V80c0-26.51 21.49-48 48-48h352c26.51 0 48 21.49 48 48v352c0 26.51-21.49 48-48 48zm-204.686-98.059l184-184c6.248-6.248 6.248-16.379 0-22.627l-22.627-22.627c-6.248-6.248-16.379-6.249-22.628 0L184 302.745l-70.059-70.059c-6.248-6.248-16.379-6.248-22.628 0l-22.627 22.627c-6.248 6.248-6.248 16.379 0 22.627l104 104c6.249 6.25 16.379 6.25 22.628.001z\"><\/path><\/svg><br \/>\n\t\t\t\t\t\t\t\tRegistrierung des Namens f\u00fcr 1 Jahr\n\t\t\t\t\t\t\t\t\t\t\t\t\t\t\t<\/li>\n<li>\n\t\t\t\t\t\t\t\t<svg aria-hidden=\"true\" viewbox=\"0 0 448 512\" xmlns=\"http:\/\/www.w3.org\/2000\/svg\"><path d=\"M400 480H48c-26.51 0-48-21.49-48-48V80c0-26.51 21.49-48 48-48h352c26.51 0 48 21.49 48 48v352c0 26.51-21.49 48-48 48zm-204.686-98.059l184-184c6.248-6.248 6.248-16.379 0-22.627l-22.627-22.627c-6.248-6.248-16.379-6.249-22.628 0L184 302.745l-70.059-70.059c-6.248-6.248-16.379-6.248-22.628 0l-22.627 22.627c-6.248 6.248-6.248 16.379 0 22.627l104 104c6.249 6.25 16.379 6.25 22.628.001z\"><\/path><\/svg><br \/>\n\t\t\t\t\t\t\t\tVerl\u00e4ngerung zum Festpreis\n\t\t\t\t\t\t\t\t\t\t\t\t\t\t\t<\/li>\n<li>\n\t\t\t\t\t\t\t\t<svg aria-hidden=\"true\" viewbox=\"0 0 448 512\" xmlns=\"http:\/\/www.w3.org\/2000\/svg\"><path d=\"M400 480H48c-26.51 0-48-21.49-48-48V80c0-26.51 21.49-48 48-48h352c26.51 0 48 21.49 48 48v352c0 26.51-21.49 48-48 48zm-204.686-98.059l184-184c6.248-6.248 6.248-16.379 0-22.627l-22.627-22.627c-6.248-6.248-16.379-6.249-22.628 0L184 302.745l-70.059-70.059c-6.248-6.248-16.379-6.248-22.628 0l-22.627 22.627c-6.248 6.248-6.248 16.379 0 22.627l104 104c6.249 6.25 16.379 6.25 22.628.001z\"><\/path><\/svg><br \/>\n\t\t\t\t\t\t\t\tKostenloser Wechsel der DNS-Server\n\t\t\t\t\t\t\t\t\t\t\t\t\t\t\t<\/li>\n<li>\n\t\t\t\t\t\t\t\t<svg aria-hidden=\"true\" viewbox=\"0 0 448 512\" xmlns=\"http:\/\/www.w3.org\/2000\/svg\"><path d=\"M400 480H48c-26.51 0-48-21.49-48-48V80c0-26.51 21.49-48 48-48h352c26.51 0 48 21.49 48 48v352c0 26.51-21.49 48-48 48zm-204.686-98.059l184-184c6.248-6.248 6.248-16.379 0-22.627l-22.627-22.627c-6.248-6.248-16.379-6.249-22.628 0L184 302.745l-70.059-70.059c-6.248-6.248-16.379-6.248-22.628 0l-22.627 22.627c-6.248 6.248-6.248 16.379 0 22.627l104 104c6.249 6.25 16.379 6.25 22.628.001z\"><\/path><\/svg><br \/>\n\t\t\t\t\t\t\t\tVollst\u00e4ndige \u00dcbereinstimmung mit dem F\u00f6deralen Gesetz Nr. 149-FZ\n\t\t\t\t\t\t\t\t\t\t\t\t\t\t\t<\/li>\n<\/ul>\n<p>\t\t\t\t<a href=\"\/de\/whois\/\" ><br \/>\n\t\t\t\t\t.RU pr\u00fcfen\t\t\t\t<\/a><\/p>\n<h2\t\t\t\t\tclass=\"elementskit-pricing-title\">Eine Domain in der Zone .\u0420\u0424\t\t\t\t\t<\/h2>\n<p>Ideal f\u00fcr Privatpersonen und kleine Unternehmen mit einem \u00fcberschaubaren Domain-Portfolio.<\/p>\n<p>\t\t\t\t\t\t\t\t\t\t\t<sup>\u20bd<\/sup><br \/>\n\t\t\t\t\t\t\t\t\t\t1 500<br \/>\n\t\t\t\t\t\t\t\t\t\t<sub>\/Jahr<\/sub><\/p>\n<ul>\n<li>\n\t\t\t\t\t\t\t\t<svg aria-hidden=\"true\" viewbox=\"0 0 448 512\" xmlns=\"http:\/\/www.w3.org\/2000\/svg\"><path d=\"M400 480H48c-26.51 0-48-21.49-48-48V80c0-26.51 21.49-48 48-48h352c26.51 0 48 21.49 48 48v352c0 26.51-21.49 48-48 48zm-204.686-98.059l184-184c6.248-6.248 6.248-16.379 0-22.627l-22.627-22.627c-6.248-6.248-16.379-6.249-22.628 0L184 302.745l-70.059-70.059c-6.248-6.248-16.379-6.248-22.628 0l-22.627 22.627c-6.248 6.248-6.248 16.379 0 22.627l104 104c6.249 6.25 16.379 6.25 22.628.001z\"><\/path><\/svg><br \/>\n\t\t\t\t\t\t\t\tRegistrierung (IDN-Unterst\u00fctzung)\n\t\t\t\t\t\t\t\t\t\t\t\t\t\t\t<\/li>\n<li>\n\t\t\t\t\t\t\t\t<svg aria-hidden=\"true\" viewbox=\"0 0 448 512\" xmlns=\"http:\/\/www.w3.org\/2000\/svg\"><path d=\"M400 480H48c-26.51 0-48-21.49-48-48V80c0-26.51 21.49-48 48-48h352c26.51 0 48 21.49 48 48v352c0 26.51-21.49 48-48 48zm-204.686-98.059l184-184c6.248-6.248 6.248-16.379 0-22.627l-22.627-22.627c-6.248-6.248-16.379-6.249-22.628 0L184 302.745l-70.059-70.059c-6.248-6.248-16.379-6.248-22.628 0l-22.627 22.627c-6.248 6.248-6.248 16.379 0 22.627l104 104c6.249 6.25 16.379 6.25 22.628.001z\"><\/path><\/svg><br \/>\n\t\t\t\t\t\t\t\tVerl\u00e4ngerung zum Festpreis\n\t\t\t\t\t\t\t\t\t\t\t\t\t\t\t<\/li>\n<li>\n\t\t\t\t\t\t\t\t<svg aria-hidden=\"true\" viewbox=\"0 0 448 512\" xmlns=\"http:\/\/www.w3.org\/2000\/svg\"><path d=\"M400 480H48c-26.51 0-48-21.49-48-48V80c0-26.51 21.49-48 48-48h352c26.51 0 48 21.49 48 48v352c0 26.51-21.49 48-48 48zm-204.686-98.059l184-184c6.248-6.248 6.248-16.379 0-22.627l-22.627-22.627c-6.248-6.248-16.379-6.249-22.628 0L184 302.745l-70.059-70.059c-6.248-6.248-16.379-6.248-22.628 0l-22.627 22.627c-6.248 6.248-6.248 16.379 0 22.627l104 104c6.249 6.25 16.379 6.25 22.628.001z\"><\/path><\/svg><br \/>\n\t\t\t\t\t\t\t\tTechnischer Support\n\t\t\t\t\t\t\t\t\t\t\t\t\t\t\t<\/li>\n<li>\n\t\t\t\t\t\t\t\t<svg aria-hidden=\"true\" viewbox=\"0 0 448 512\" xmlns=\"http:\/\/www.w3.org\/2000\/svg\"><path d=\"M400 480H48c-26.51 0-48-21.49-48-48V80c0-26.51 21.49-48 48-48h352c26.51 0 48 21.49 48 48v352c0 26.51-21.49 48-48 48zm-204.686-98.059l184-184c6.248-6.248 6.248-16.379 0-22.627l-22.627-22.627c-6.248-6.248-16.379-6.249-22.628 0L184 302.745l-70.059-70.059c-6.248-6.248-16.379-6.248-22.628 0l-22.627 22.627c-6.248 6.248-6.248 16.379 0 22.627l104 104c6.249 6.25 16.379 6.25 22.628.001z\"><\/path><\/svg><br \/>\n\t\t\t\t\t\t\t\tSchutz vor L\u00f6schung\n\t\t\t\t\t\t\t\t\t\t\t\t\t\t\t<\/li>\n<\/ul>\n<p>\t\t\t\t<a href=\"\/de\/whois\/\" ><br \/>\n\t\t\t\t\t.\u0420\u0424 \u00fcberpr\u00fcfen\t\t\t\t<\/a><\/p>\n<h2\t\t\t\t\tclass=\"elementskit-pricing-title\">Umzug zu uns\t\t\t\t\t<\/h2>\n<p>Ideal f\u00fcr Privatpersonen und kleine Unternehmen mit einem \u00fcberschaubaren Domain-Portfolio.<\/p>\n<p>\t\t\t\t\t\t\t\t\t\t\t<sup>\u20bd<\/sup><br \/>\n\t\t\t\t\t\t\t\t\t\t1 500<br \/>\n\t\t\t\t\t\t\t\t\t\t<sub>\/Jahr<\/sub><\/p>\n<ul>\n<li>\n\t\t\t\t\t\t\t\t<svg aria-hidden=\"true\" viewbox=\"0 0 448 512\" xmlns=\"http:\/\/www.w3.org\/2000\/svg\"><path d=\"M400 480H48c-26.51 0-48-21.49-48-48V80c0-26.51 21.49-48 48-48h352c26.51 0 48 21.49 48 48v352c0 26.51-21.49 48-48 48zm-204.686-98.059l184-184c6.248-6.248 6.248-16.379 0-22.627l-22.627-22.627c-6.248-6.248-16.379-6.249-22.628 0L184 302.745l-70.059-70.059c-6.248-6.248-16.379-6.248-22.628 0l-22.627 22.627c-6.248 6.248-6.248 16.379 0 22.627l104 104c6.249 6.25 16.379 6.25 22.628.001z\"><\/path><\/svg><br \/>\n\t\t\t\t\t\t\t\t\u00dcbernahme von einem anderen Anbieter\n\t\t\t\t\t\t\t\t\t\t\t\t\t\t\t<\/li>\n<li>\n\t\t\t\t\t\t\t\t<svg aria-hidden=\"true\" viewbox=\"0 0 448 512\" xmlns=\"http:\/\/www.w3.org\/2000\/svg\"><path d=\"M400 480H48c-26.51 0-48-21.49-48-48V80c0-26.51 21.49-48 48-48h352c26.51 0 48 21.49 48 48v352c0 26.51-21.49 48-48 48zm-204.686-98.059l184-184c6.248-6.248 6.248-16.379 0-22.627l-22.627-22.627c-6.248-6.248-16.379-6.249-22.628 0L184 302.745l-70.059-70.059c-6.248-6.248-16.379-6.248-22.628 0l-22.627 22.627c-6.248 6.248-6.248 16.379 0 22.627l104 104c6.249 6.25 16.379 6.25 22.628.001z\"><\/path><\/svg><br \/>\n\t\t\t\t\t\t\t\tVerl\u00e4ngerung um 1 Jahr inbegriffen\n\t\t\t\t\t\t\t\t\t\t\t\t\t\t\t<\/li>\n<li>\n\t\t\t\t\t\t\t\t<svg aria-hidden=\"true\" viewbox=\"0 0 448 512\" xmlns=\"http:\/\/www.w3.org\/2000\/svg\"><path d=\"M400 480H48c-26.51 0-48-21.49-48-48V80c0-26.51 21.49-48 48-48h352c26.51 0 48 21.49 48 48v352c0 26.51-21.49 48-48 48zm-204.686-98.059l184-184c6.248-6.248 6.248-16.379 0-22.627l-22.627-22.627c-6.248-6.248-16.379-6.249-22.628 0L184 302.745l-70.059-70.059c-6.248-6.248-16.379-6.248-22.628 0l-22.627 22.627c-6.248 6.248-6.248 16.379 0 22.627l104 104c6.249 6.25 16.379 6.25 22.628.001z\"><\/path><\/svg><br \/>\n\t\t\t\t\t\t\t\tHilfe zum AuthInfo-Code\n\t\t\t\t\t\t\t\t\t\t\t\t\t\t\t<\/li>\n<li>\n\t\t\t\t\t\t\t\t<svg aria-hidden=\"true\" viewbox=\"0 0 448 512\" xmlns=\"http:\/\/www.w3.org\/2000\/svg\"><path d=\"M400 480H48c-26.51 0-48-21.49-48-48V80c0-26.51 21.49-48 48-48h352c26.51 0 48 21.49 48 48v352c0 26.51-21.49 48-48 48zm-204.686-98.059l184-184c6.248-6.248 6.248-16.379 0-22.627l-22.627-22.627c-6.248-6.248-16.379-6.249-22.628 0L184 302.745l-70.059-70.059c-6.248-6.248-16.379-6.248-22.628 0l-22.627 22.627c-6.248 6.248-6.248 16.379 0 22.627l104 104c6.249 6.25 16.379 6.25 22.628.001z\"><\/path><\/svg><br \/>\n\t\t\t\t\t\t\t\tRechtliche Datenpr\u00fcfung\n\t\t\t\t\t\t\t\t\t\t\t\t\t\t\t<\/li>\n<\/ul>\n<p>\t\t\t\t<a  ><br \/>\n\t\t\t\t\tMit der \u00dcbertragung beginnen\t\t\t\t<\/a><\/p>","protected":false},"excerpt":{"rendered":"<p>\u041f\u0440\u043e\u0437\u0440\u0430\u0447\u043d\u043e\u0435 \u0446\u0435\u043d\u043e\u043e\u0431\u0440\u0430\u0437\u043e\u0432\u0430\u043d\u0438\u0435 \u043d\u0430 \u0434\u043e\u043c\u0435\u043d\u044b \u041e\u0441\u0442\u0430\u0432\u0438\u0442\u044c \u0437\u0430\u044f\u0432\u043a\u0443 \u041f\u0440\u043e\u0432\u0435\u0440\u043a\u0430 \u0434\u043e\u043c\u0435\u043d\u0430 \u0413\u043b\u0430\u0432\u043d\u0430\u044f \u0420\u0435\u0433\u0438\u0441\u0442\u0440\u0430\u0446\u0438\u044f \u0422\u0430\u0440\u0438\u0444\u044b \u0412\u0441\u0435 \u0442\u0430\u0440\u0438\u0444\u044b \u043d\u0430 \u0440\u0435\u0433\u0438\u0441\u0442\u0440\u0430\u0446\u0438\u044e \u0438 \u043f\u0440\u043e\u0434\u043b\u0435\u043d\u0438\u0435 \u0434\u043e\u043c\u0435\u043d\u043e\u0432 \u0432 \u0437\u043e\u043d\u0430\u0445 .RU \u0438 .\u0420\u0424 \u0437\u0430\u0444\u0438\u043a\u0441\u0438\u0440\u043e\u0432\u0430\u043d\u044b \u0438 \u0432\u043a\u043b\u044e\u0447\u0430\u044e\u0442 \u041d\u0414\u0421. \u041d\u0438\u043a\u0430\u043a\u0438\u0445 \u0441\u043a\u0440\u044b\u0442\u044b\u0445 \u043f\u043b\u0430\u0442\u0435\u0436\u0435\u0439 \u043f\u0440\u0438 \u043e\u0444\u043e\u0440\u043c\u043b\u0435\u043d\u0438\u0438. \u0414\u043e\u043c\u0435\u043d \u0432 \u0437\u043e\u043d\u0435 .RU \u0418\u0434\u0435\u0430\u043b\u044c\u043d\u043e \u0434\u043b\u044f \u0447\u0430\u0441\u0442\u043d\u044b\u0445 \u043b\u0438\u0446 \u0438 \u043c\u0430\u043b\u043e\u0433\u043e \u0431\u0438\u0437\u043d\u0435\u0441\u0430 \u0441 \u043d\u0435\u0431\u043e\u043b\u044c\u0448\u0438\u043c \u043f\u043e\u0440\u0442\u0444\u0435\u043b\u0435\u043c \u0434\u043e\u043c\u0435\u043d\u043e\u0432. \u20bd 1 500 \/\u0433\u043e\u0434 \u0420\u0435\u0433\u0438\u0441\u0442\u0440\u0430\u0446\u0438\u044f \u0438\u043c\u0435\u043d\u0438 \u043d\u0430 1 [&hellip;]<\/p>\n","protected":false},"author":1,"featured_media":0,"parent":140,"menu_order":0,"comment_status":"closed","ping_status":"closed","template":"","meta":{"footnotes":""},"class_list":["post-381","page","type-page","status-publish","hentry"],"yoast_head":"<!-- This site is optimized with the Yoast SEO Premium plugin v25.6 (Yoast SEO v27.2) - https:\/\/yoast.com\/product\/yoast-seo-premium-wordpress\/ -->\n<title>\u0422\u0430\u0440\u0438\u0444\u044b - \u0410\u043a\u043a\u0440\u0435\u0434\u0438\u0442\u043e\u0432\u0430\u043d\u043d\u044b\u0439 \u0440\u0435\u0433\u0438\u0441\u0442\u0440\u0430\u0442\u043e\u0440<\/title>\n<meta name=\"robots\" content=\"noindex, follow, max-snippet:-1, max-image-preview:large, max-video-preview:-1\" \/>\n<meta property=\"og:locale\" content=\"de_DE\" \/>\n<meta property=\"og:type\" content=\"article\" \/>\n<meta property=\"og:title\" content=\"\u0422\u0430\u0440\u0438\u0444\u044b\" \/>\n<meta property=\"og:description\" content=\"\u041f\u0440\u043e\u0437\u0440\u0430\u0447\u043d\u043e\u0435 \u0446\u0435\u043d\u043e\u043e\u0431\u0440\u0430\u0437\u043e\u0432\u0430\u043d\u0438\u0435 \u043d\u0430 \u0434\u043e\u043c\u0435\u043d\u044b \u041e\u0441\u0442\u0430\u0432\u0438\u0442\u044c \u0437\u0430\u044f\u0432\u043a\u0443 \u041f\u0440\u043e\u0432\u0435\u0440\u043a\u0430 \u0434\u043e\u043c\u0435\u043d\u0430 \u0413\u043b\u0430\u0432\u043d\u0430\u044f \u0420\u0435\u0433\u0438\u0441\u0442\u0440\u0430\u0446\u0438\u044f \u0422\u0430\u0440\u0438\u0444\u044b \u0412\u0441\u0435 \u0442\u0430\u0440\u0438\u0444\u044b \u043d\u0430 \u0440\u0435\u0433\u0438\u0441\u0442\u0440\u0430\u0446\u0438\u044e \u0438 \u043f\u0440\u043e\u0434\u043b\u0435\u043d\u0438\u0435 \u0434\u043e\u043c\u0435\u043d\u043e\u0432 \u0432 \u0437\u043e\u043d\u0430\u0445 .RU \u0438 .\u0420\u0424 \u0437\u0430\u0444\u0438\u043a\u0441\u0438\u0440\u043e\u0432\u0430\u043d\u044b \u0438 \u0432\u043a\u043b\u044e\u0447\u0430\u044e\u0442 \u041d\u0414\u0421. \u041d\u0438\u043a\u0430\u043a\u0438\u0445 \u0441\u043a\u0440\u044b\u0442\u044b\u0445 \u043f\u043b\u0430\u0442\u0435\u0436\u0435\u0439 \u043f\u0440\u0438 \u043e\u0444\u043e\u0440\u043c\u043b\u0435\u043d\u0438\u0438. \u0414\u043e\u043c\u0435\u043d \u0432 \u0437\u043e\u043d\u0435 .RU \u0418\u0434\u0435\u0430\u043b\u044c\u043d\u043e \u0434\u043b\u044f \u0447\u0430\u0441\u0442\u043d\u044b\u0445 \u043b\u0438\u0446 \u0438 \u043c\u0430\u043b\u043e\u0433\u043e \u0431\u0438\u0437\u043d\u0435\u0441\u0430 \u0441 \u043d\u0435\u0431\u043e\u043b\u044c\u0448\u0438\u043c \u043f\u043e\u0440\u0442\u0444\u0435\u043b\u0435\u043c \u0434\u043e\u043c\u0435\u043d\u043e\u0432. \u20bd 1 500 \/\u0433\u043e\u0434 \u0420\u0435\u0433\u0438\u0441\u0442\u0440\u0430\u0446\u0438\u044f \u0438\u043c\u0435\u043d\u0438 \u043d\u0430 1 [&hellip;]\" \/>\n<meta property=\"og:url\" content=\"https:\/\/altnames.ru\/de\/registrator\/tarify\/\" \/>\n<meta property=\"og:site_name\" content=\"\u0410\u043a\u043a\u0440\u0435\u0434\u0438\u0442\u043e\u0432\u0430\u043d\u043d\u044b\u0439 \u0440\u0435\u0433\u0438\u0441\u0442\u0440\u0430\u0442\u043e\u0440\" \/>\n<meta property=\"article:modified_time\" content=\"2026-04-02T14:41:21+00:00\" \/>\n<meta property=\"og:image\" content=\"https:\/\/altnames.ru\/wp-content\/uploads\/2026\/03\/hyb14.jpg\" \/>\n<meta name=\"twitter:card\" content=\"summary_large_image\" \/>\n<meta name=\"twitter:label1\" content=\"Gesch\u00e4tzte Lesezeit\" \/>\n\t<meta name=\"twitter:data1\" content=\"1\u00a0Minute\" \/>\n<script type=\"application\/ld+json\" class=\"yoast-schema-graph\">{\"@context\":\"https:\/\/schema.org\",\"@graph\":[{\"@type\":\"WebPage\",\"@id\":\"https:\/\/altnames.ru\/registrator\/tarify\/\",\"url\":\"https:\/\/altnames.ru\/registrator\/tarify\/\",\"name\":\"\u0422\u0430\u0440\u0438\u0444\u044b - \u0410\u043a\u043a\u0440\u0435\u0434\u0438\u0442\u043e\u0432\u0430\u043d\u043d\u044b\u0439 \u0440\u0435\u0433\u0438\u0441\u0442\u0440\u0430\u0442\u043e\u0440\",\"isPartOf\":{\"@id\":\"https:\/\/altnames.ru\/#website\"},\"primaryImageOfPage\":{\"@id\":\"https:\/\/altnames.ru\/registrator\/tarify\/#primaryimage\"},\"image\":{\"@id\":\"https:\/\/altnames.ru\/registrator\/tarify\/#primaryimage\"},\"thumbnailUrl\":\"https:\/\/altnames.ru\/wp-content\/uploads\/2026\/03\/hyb14.jpg\",\"datePublished\":\"2026-03-23T11:22:14+00:00\",\"dateModified\":\"2026-04-02T14:41:21+00:00\",\"breadcrumb\":{\"@id\":\"https:\/\/altnames.ru\/registrator\/tarify\/#breadcrumb\"},\"inLanguage\":\"de\",\"potentialAction\":[{\"@type\":\"ReadAction\",\"target\":[\"https:\/\/altnames.ru\/registrator\/tarify\/\"]}]},{\"@type\":\"ImageObject\",\"inLanguage\":\"de\",\"@id\":\"https:\/\/altnames.ru\/registrator\/tarify\/#primaryimage\",\"url\":\"https:\/\/altnames.ru\/wp-content\/uploads\/2026\/03\/hyb14.jpg\",\"contentUrl\":\"https:\/\/altnames.ru\/wp-content\/uploads\/2026\/03\/hyb14.jpg\"},{\"@type\":\"BreadcrumbList\",\"@id\":\"https:\/\/altnames.ru\/registrator\/tarify\/#breadcrumb\",\"itemListElement\":[{\"@type\":\"ListItem\",\"position\":1,\"name\":\"\u0413\u043b\u0430\u0432\u043d\u0430\u044f \u0441\u0442\u0440\u0430\u043d\u0438\u0446\u0430\",\"item\":\"https:\/\/altnames.ru\/\"},{\"@type\":\"ListItem\",\"position\":2,\"name\":\"\u0420\u0435\u0433\u0438\u0441\u0442\u0440\u0430\u0442\u043e\u0440\",\"item\":\"https:\/\/altnames.ru\/registrator\/\"},{\"@type\":\"ListItem\",\"position\":3,\"name\":\"\u0422\u0430\u0440\u0438\u0444\u044b\"}]},{\"@type\":\"WebSite\",\"@id\":\"https:\/\/altnames.ru\/#website\",\"url\":\"https:\/\/altnames.ru\/\",\"name\":\"\u0410\u043a\u043a\u0440\u0435\u0434\u0438\u0442\u043e\u0432\u0430\u043d\u043d\u044b\u0439 \u0440\u0435\u0433\u0438\u0441\u0442\u0440\u0430\u0442\u043e\u0440\",\"description\":\"\",\"publisher\":{\"@id\":\"https:\/\/altnames.ru\/#organization\"},\"potentialAction\":[{\"@type\":\"SearchAction\",\"target\":{\"@type\":\"EntryPoint\",\"urlTemplate\":\"https:\/\/altnames.ru\/?s={search_term_string}\"},\"query-input\":{\"@type\":\"PropertyValueSpecification\",\"valueRequired\":true,\"valueName\":\"search_term_string\"}}],\"inLanguage\":\"de\"},{\"@type\":\"Organization\",\"@id\":\"https:\/\/altnames.ru\/#organization\",\"name\":\"\u0410\u043a\u043a\u0440\u0435\u0434\u0438\u0442\u043e\u0432\u0430\u043d\u043d\u044b\u0439 \u0440\u0435\u0433\u0438\u0441\u0442\u0440\u0430\u0442\u043e\u0440\",\"url\":\"https:\/\/altnames.ru\/\",\"logo\":{\"@type\":\"ImageObject\",\"inLanguage\":\"de\",\"@id\":\"https:\/\/altnames.ru\/#\/schema\/logo\/image\/\",\"url\":\"https:\/\/altnames.ru\/wp-content\/uploads\/2026\/03\/cropped-logo-4.png\",\"contentUrl\":\"https:\/\/altnames.ru\/wp-content\/uploads\/2026\/03\/cropped-logo-4.png\",\"width\":300,\"height\":90,\"caption\":\"\u0410\u043a\u043a\u0440\u0435\u0434\u0438\u0442\u043e\u0432\u0430\u043d\u043d\u044b\u0439 \u0440\u0435\u0433\u0438\u0441\u0442\u0440\u0430\u0442\u043e\u0440\"},\"image\":{\"@id\":\"https:\/\/altnames.ru\/#\/schema\/logo\/image\/\"}}]}<\/script>\n<!-- \/ Yoast SEO Premium plugin. -->","yoast_head_json":{"title":"\u0422\u0430\u0440\u0438\u0444\u044b - \u0410\u043a\u043a\u0440\u0435\u0434\u0438\u0442\u043e\u0432\u0430\u043d\u043d\u044b\u0439 \u0440\u0435\u0433\u0438\u0441\u0442\u0440\u0430\u0442\u043e\u0440","robots":{"index":"noindex","follow":"follow","max-snippet":"max-snippet:-1","max-image-preview":"max-image-preview:large","max-video-preview":"max-video-preview:-1"},"og_locale":"de_DE","og_type":"article","og_title":"\u0422\u0430\u0440\u0438\u0444\u044b","og_description":"\u041f\u0440\u043e\u0437\u0440\u0430\u0447\u043d\u043e\u0435 \u0446\u0435\u043d\u043e\u043e\u0431\u0440\u0430\u0437\u043e\u0432\u0430\u043d\u0438\u0435 \u043d\u0430 \u0434\u043e\u043c\u0435\u043d\u044b \u041e\u0441\u0442\u0430\u0432\u0438\u0442\u044c \u0437\u0430\u044f\u0432\u043a\u0443 \u041f\u0440\u043e\u0432\u0435\u0440\u043a\u0430 \u0434\u043e\u043c\u0435\u043d\u0430 \u0413\u043b\u0430\u0432\u043d\u0430\u044f \u0420\u0435\u0433\u0438\u0441\u0442\u0440\u0430\u0446\u0438\u044f \u0422\u0430\u0440\u0438\u0444\u044b \u0412\u0441\u0435 \u0442\u0430\u0440\u0438\u0444\u044b \u043d\u0430 \u0440\u0435\u0433\u0438\u0441\u0442\u0440\u0430\u0446\u0438\u044e \u0438 \u043f\u0440\u043e\u0434\u043b\u0435\u043d\u0438\u0435 \u0434\u043e\u043c\u0435\u043d\u043e\u0432 \u0432 \u0437\u043e\u043d\u0430\u0445 .RU \u0438 .\u0420\u0424 \u0437\u0430\u0444\u0438\u043a\u0441\u0438\u0440\u043e\u0432\u0430\u043d\u044b \u0438 \u0432\u043a\u043b\u044e\u0447\u0430\u044e\u0442 \u041d\u0414\u0421. \u041d\u0438\u043a\u0430\u043a\u0438\u0445 \u0441\u043a\u0440\u044b\u0442\u044b\u0445 \u043f\u043b\u0430\u0442\u0435\u0436\u0435\u0439 \u043f\u0440\u0438 \u043e\u0444\u043e\u0440\u043c\u043b\u0435\u043d\u0438\u0438. \u0414\u043e\u043c\u0435\u043d \u0432 \u0437\u043e\u043d\u0435 .RU \u0418\u0434\u0435\u0430\u043b\u044c\u043d\u043e \u0434\u043b\u044f \u0447\u0430\u0441\u0442\u043d\u044b\u0445 \u043b\u0438\u0446 \u0438 \u043c\u0430\u043b\u043e\u0433\u043e \u0431\u0438\u0437\u043d\u0435\u0441\u0430 \u0441 \u043d\u0435\u0431\u043e\u043b\u044c\u0448\u0438\u043c \u043f\u043e\u0440\u0442\u0444\u0435\u043b\u0435\u043c \u0434\u043e\u043c\u0435\u043d\u043e\u0432. \u20bd 1 500 \/\u0433\u043e\u0434 \u0420\u0435\u0433\u0438\u0441\u0442\u0440\u0430\u0446\u0438\u044f \u0438\u043c\u0435\u043d\u0438 \u043d\u0430 1 [&hellip;]","og_url":"https:\/\/altnames.ru\/de\/registrator\/tarify\/","og_site_name":"\u0410\u043a\u043a\u0440\u0435\u0434\u0438\u0442\u043e\u0432\u0430\u043d\u043d\u044b\u0439 \u0440\u0435\u0433\u0438\u0441\u0442\u0440\u0430\u0442\u043e\u0440","article_modified_time":"2026-04-02T14:41:21+00:00","og_image":[{"url":"https:\/\/altnames.ru\/wp-content\/uploads\/2026\/03\/hyb14.jpg","type":"","width":"","height":""}],"twitter_card":"summary_large_image","twitter_misc":{"Gesch\u00e4tzte Lesezeit":"1\u00a0Minute"},"schema":{"@context":"https:\/\/schema.org","@graph":[{"@type":"WebPage","@id":"https:\/\/altnames.ru\/registrator\/tarify\/","url":"https:\/\/altnames.ru\/registrator\/tarify\/","name":"\u0422\u0430\u0440\u0438\u0444\u044b - \u0410\u043a\u043a\u0440\u0435\u0434\u0438\u0442\u043e\u0432\u0430\u043d\u043d\u044b\u0439 \u0440\u0435\u0433\u0438\u0441\u0442\u0440\u0430\u0442\u043e\u0440","isPartOf":{"@id":"https:\/\/altnames.ru\/#website"},"primaryImageOfPage":{"@id":"https:\/\/altnames.ru\/registrator\/tarify\/#primaryimage"},"image":{"@id":"https:\/\/altnames.ru\/registrator\/tarify\/#primaryimage"},"thumbnailUrl":"https:\/\/altnames.ru\/wp-content\/uploads\/2026\/03\/hyb14.jpg","datePublished":"2026-03-23T11:22:14+00:00","dateModified":"2026-04-02T14:41:21+00:00","breadcrumb":{"@id":"https:\/\/altnames.ru\/registrator\/tarify\/#breadcrumb"},"inLanguage":"de","potentialAction":[{"@type":"ReadAction","target":["https:\/\/altnames.ru\/registrator\/tarify\/"]}]},{"@type":"ImageObject","inLanguage":"de","@id":"https:\/\/altnames.ru\/registrator\/tarify\/#primaryimage","url":"https:\/\/altnames.ru\/wp-content\/uploads\/2026\/03\/hyb14.jpg","contentUrl":"https:\/\/altnames.ru\/wp-content\/uploads\/2026\/03\/hyb14.jpg"},{"@type":"BreadcrumbList","@id":"https:\/\/altnames.ru\/registrator\/tarify\/#breadcrumb","itemListElement":[{"@type":"ListItem","position":1,"name":"\u0413\u043b\u0430\u0432\u043d\u0430\u044f \u0441\u0442\u0440\u0430\u043d\u0438\u0446\u0430","item":"https:\/\/altnames.ru\/"},{"@type":"ListItem","position":2,"name":"\u0420\u0435\u0433\u0438\u0441\u0442\u0440\u0430\u0442\u043e\u0440","item":"https:\/\/altnames.ru\/registrator\/"},{"@type":"ListItem","position":3,"name":"\u0422\u0430\u0440\u0438\u0444\u044b"}]},{"@type":"WebSite","@id":"https:\/\/altnames.ru\/#website","url":"https:\/\/altnames.ru\/","name":"\u0410\u043a\u043a\u0440\u0435\u0434\u0438\u0442\u043e\u0432\u0430\u043d\u043d\u044b\u0439 \u0440\u0435\u0433\u0438\u0441\u0442\u0440\u0430\u0442\u043e\u0440","description":"","publisher":{"@id":"https:\/\/altnames.ru\/#organization"},"potentialAction":[{"@type":"SearchAction","target":{"@type":"EntryPoint","urlTemplate":"https:\/\/altnames.ru\/?s={search_term_string}"},"query-input":{"@type":"PropertyValueSpecification","valueRequired":true,"valueName":"search_term_string"}}],"inLanguage":"de"},{"@type":"Organization","@id":"https:\/\/altnames.ru\/#organization","name":"\u0410\u043a\u043a\u0440\u0435\u0434\u0438\u0442\u043e\u0432\u0430\u043d\u043d\u044b\u0439 \u0440\u0435\u0433\u0438\u0441\u0442\u0440\u0430\u0442\u043e\u0440","url":"https:\/\/altnames.ru\/","logo":{"@type":"ImageObject","inLanguage":"de","@id":"https:\/\/altnames.ru\/#\/schema\/logo\/image\/","url":"https:\/\/altnames.ru\/wp-content\/uploads\/2026\/03\/cropped-logo-4.png","contentUrl":"https:\/\/altnames.ru\/wp-content\/uploads\/2026\/03\/cropped-logo-4.png","width":300,"height":90,"caption":"\u0410\u043a\u043a\u0440\u0435\u0434\u0438\u0442\u043e\u0432\u0430\u043d\u043d\u044b\u0439 \u0440\u0435\u0433\u0438\u0441\u0442\u0440\u0430\u0442\u043e\u0440"},"image":{"@id":"https:\/\/altnames.ru\/#\/schema\/logo\/image\/"}}]}},"_links":{"self":[{"href":"https:\/\/altnames.ru\/de\/wp-json\/wp\/v2\/pages\/381","targetHints":{"allow":["GET"]}}],"collection":[{"href":"https:\/\/altnames.ru\/de\/wp-json\/wp\/v2\/pages"}],"about":[{"href":"https:\/\/altnames.ru\/de\/wp-json\/wp\/v2\/types\/page"}],"author":[{"embeddable":true,"href":"https:\/\/altnames.ru\/de\/wp-json\/wp\/v2\/users\/1"}],"replies":[{"embeddable":true,"href":"https:\/\/altnames.ru\/de\/wp-json\/wp\/v2\/comments?post=381"}],"version-history":[{"count":31,"href":"https:\/\/altnames.ru\/de\/wp-json\/wp\/v2\/pages\/381\/revisions"}],"predecessor-version":[{"id":595,"href":"https:\/\/altnames.ru\/de\/wp-json\/wp\/v2\/pages\/381\/revisions\/595"}],"up":[{"embeddable":true,"href":"https:\/\/altnames.ru\/de\/wp-json\/wp\/v2\/pages\/140"}],"wp:attachment":[{"href":"https:\/\/altnames.ru\/de\/wp-json\/wp\/v2\/media?parent=381"}],"curies":[{"name":"wp","href":"https:\/\/api.w.org\/{rel}","templated":true}]}}